{"id":29,"date":"2012-11-27T09:36:00","date_gmt":"2012-11-27T09:36:00","guid":{"rendered":"http:\/\/brda.pl\/?page_id=29"},"modified":"2014-03-06T08:52:19","modified_gmt":"2014-03-06T08:52:19","slug":"splywy_1_dzien_brda","status":"publish","type":"page","link":"http:\/\/brda.pl\/index.php\/trasy_rzeka_brda\/splywy_1_dzien_brda\/","title":{"rendered":"Sp\u0142ywy 1 dniowe"},"content":{"rendered":"<h2><strong>Zapraszamy na interesuj\u0105ce\u00a0 wycieczki kajakowe 1 dniowe<\/strong><\/h2>\n<p>&nbsp;<\/p>\n<h1><img loading=\"lazy\" class=\"alignright\" title=\"wda8.jpg\" alt=\"wda8.jpg\" src=\"http:\/\/www.kajaki.pl\/pliki\/obrazki\/obrazek_407.jpg\" width=\"252\" height=\"189\" align=\"right\" border=\"1\" hspace=\"20\" \/><\/h1>\n<p>Nasze propozycje\u00a0 dla ka\u017cdego &#8211; nawet pocz\u0105tkuj\u0105cego :<\/p>\n<ul>\n<li>Swornegacie &#8211; Mylof<\/li>\n<li>Choci\u0144ski m\u0142yn &#8211; swornegacie<\/li>\n<li>Laska &#8211; Wwornegacie<\/li>\n<\/ul>\n<p>1 dniowe &#8222;ostre&#8221;<\/p>\n<ul>\n<li>Nowa Brda &#8211; Most Garbaty<\/li>\n<\/ul>\n<ul>\n<li><a href=\"http:\/\/brda.com.pl\/index.html\">swornegacie &#8211; mylof<\/a><\/li>\n<li><a href=\"http:\/\/brda.com.pl\/index.html\">mylof &#8211; brda<\/a><\/li>\n<li><a href=\"http:\/\/brda.com.pl\/index.html\">nowa brda &#8211; kocza\u0142a<\/a><\/li>\n<li><a href=\"http:\/\/brda.com.pl\/index.html\">choci\u0144ski m\u0142yn &#8211; swornegacie<\/a><\/li>\n<li><a href=\"http:\/\/brda.com.pl\/index.html\">laska &#8211; swornegacie<\/a><\/li>\n<li><a href=\"http:\/\/brda.com.pl\/index.html\">most garbaty &#8211; pakotulsko<\/a><\/li>\n<li>1 dniowe &#8222;ostre&#8221;<\/li>\n<li><a href=\"http:\/\/brda.com.pl\/index.html\">nowa brda &#8211; most garbaty<\/a><\/li>\n<li><a href=\"http:\/\/brda.com.pl\/index.html\">\u015bwit &#8211; pi\u0142a my\u0142n<\/a><\/li>\n<\/ul>\n","protected":false},"excerpt":{"rendered":"<p>Zapraszamy na interesuj\u0105ce\u00a0 wycieczki kajakowe 1 dniowe &nbsp; Nasze propozycje\u00a0 dla ka\u017cdego &#8211; nawet pocz\u0105tkuj\u0105cego : Swornegacie &#8211; Mylof Choci\u0144ski [&hellip;]<\/p>\n","protected":false},"author":2,"featured_media":0,"parent":2,"menu_order":1,"comment_status":"open","ping_status":"closed","template":"template-fullwidth.php","meta":[],"_links":{"self":[{"href":"http:\/\/brda.pl\/index.php\/wp-json\/wp\/v2\/pages\/29"}],"collection":[{"href":"http:\/\/brda.pl\/index.php\/wp-json\/wp\/v2\/pages"}],"about":[{"href":"http:\/\/brda.pl\/index.php\/wp-json\/wp\/v2\/types\/page"}],"author":[{"embeddable":true,"href":"http:\/\/brda.pl\/index.php\/wp-json\/wp\/v2\/users\/2"}],"replies":[{"embeddable":true,"href":"http:\/\/brda.pl\/index.php\/wp-json\/wp\/v2\/comments?post=29"}],"version-history":[{"count":0,"href":"http:\/\/brda.pl\/index.php\/wp-json\/wp\/v2\/pages\/29\/revisions"}],"up":[{"embeddable":true,"href":"http:\/\/brda.pl\/index.php\/wp-json\/wp\/v2\/pages\/2"}],"wp:attachment":[{"href":"http:\/\/brda.pl\/index.php\/wp-json\/wp\/v2\/media?parent=29"}],"curies":[{"name":"wp","href":"https:\/\/api.w.org\/{rel}","templated":true}]}}